{"id":2089,"date":"2015-10-13T11:34:44","date_gmt":"2015-10-13T09:34:44","guid":{"rendered":"https:\/\/market.fdcommercialitalia.com\/de\/contatti\/"},"modified":"2020-10-02T12:23:29","modified_gmt":"2020-10-02T10:23:29","slug":"kontakte","status":"publish","type":"page","link":"https:\/\/market.fdcommercialitalia.com\/de\/kontakte\/","title":{"rendered":"Kontakte"},"content":{"rendered":"<p>[vc_row][vc_column][vc_row_inner][vc_column_inner width=&#8220;1\/3&#8243;][vc_column_text css_animation=&#8220;left-to-right&#8220;]<\/p>\n<h4>\u00d6ffnungszeiten<\/h4>\n<p><strong><span style=\"color: #5b2c13;\">WINTERZEIT<\/span><br \/>\n<\/strong>Montag &#8211; samstag: 8.00 &#8211; 19.30<br \/>\nSonntagmorgen: 8.00 &#8211; 13.00<\/p>\n<p><strong><span style=\"color: #5b2c13;\">SOMMERFLUGPLAN<\/span><br \/>\n<\/strong>Montag &#8211; Sonntagmorgen: 8.00 &#8211; 20.00 fortsetzung<\/p>\n<p>Der Supermarkt verf\u00fcgt \u00fcber einen gro\u00dfen Parkplatz und f\u00fcr unsere Kunden gibt es eine kostenlose WLAN-Verbindung.[\/vc_column_text][\/vc_column_inner][vc_column_inner width=&#8220;2\/3&#8243;][vc_column_text]<iframe loading=\"lazy\" style=\"border: 0;\" src=\"https:\/\/www.google.com\/maps\/embed?pb=!1m18!1m12!1m3!1d2792.1751708295233!2d10.544364215742121!3d45.58702323326015!2m3!1f0!2f0!3f0!3m2!1i1024!2i768!4f13.1!3m3!1m2!1s0x47818e0adf325029%3A0xa7193136cd14e8ff!2sVia+Dietro+Castello%2C+18%2C+25010+San+Felice+del+Benaco+BS!5e0!3m2!1sit!2sit!4v1455631253752\" width=\"800\" height=\"400\" frameborder=\"0\" allowfullscreen=\"allowfullscreen\"><\/iframe>[\/vc_column_text][\/vc_column_inner][\/vc_row_inner][vc_empty_space height=&#8220;10px&#8220;]<div class=\"sc_line sc_line_position_center_center sc_line_style_iconed\" style=\"margin-bottom:30px;border-top-style:iconed;\"><\/div>[\/vc_column][\/vc_row][vc_row][vc_column][vc_row_inner][vc_column_inner width=&#8220;1\/3&#8243;][vc_column_text css_animation=&#8220;left-to-right&#8220;]<\/p>\n<h4>Kontakt<\/h4>\n<p><strong>Hauptsitz:<\/strong><br \/>\nVia Dietro Castello 18\/20<br \/>\nSan Felice del Benaco<br \/>\n25010, Brescia, Italy<\/p>\n<p><strong>Telefon:<\/strong> <a href=\"tel:+390365558062\">0365.55.80.62<\/a><\/p>\n<p><strong>Firmendaten:<\/strong><br \/>\nF&amp;D COMMERCIAL ITALIA s.r.l.<br \/>\nC. F. \/ P. IVA : 03668560984<br \/>\npec: fdcommercialitaliasrl@lamiapec.it[\/vc_column_text][\/vc_column_inner][vc_column_inner width=&#8220;2\/3&#8243;][vc_column_text css_animation=&#8220;right-to-left&#8220;]\n<div class=\"wpcf7 no-js\" id=\"wpcf7-f2088-o1\" lang=\"de-DE\" dir=\"ltr\">\n<div class=\"screen-reader-response\"><p role=\"status\" aria-live=\"polite\" aria-atomic=\"true\"><\/p> <ul><\/ul><\/div>\n<form action=\"\/de\/wp-json\/wp\/v2\/pages\/2089#wpcf7-f2088-o1\" method=\"post\" class=\"wpcf7-form init\" aria-label=\"Kontaktformular\" novalidate=\"novalidate\" data-status=\"init\">\n<div style=\"display: none;\">\n<input type=\"hidden\" name=\"_wpcf7\" value=\"2088\" \/>\n<input type=\"hidden\" name=\"_wpcf7_version\" value=\"5.8.2\" \/>\n<input type=\"hidden\" name=\"_wpcf7_locale\" value=\"de_DE\" \/>\n<input type=\"hidden\" name=\"_wpcf7_unit_tag\" value=\"wpcf7-f2088-o1\" \/>\n<input type=\"hidden\" name=\"_wpcf7_container_post\" value=\"0\" \/>\n<input type=\"hidden\" name=\"_wpcf7_posted_data_hash\" value=\"\" \/>\n<input type=\"hidden\" name=\"_wpcf7_recaptcha_response\" value=\"\" \/>\n<\/div>\n<p><strong>Schreiben Sie uns. Wir antworten so schnell wie m\u00f6glich.<\/strong>\n<\/p>\n<div class=\"cf7-cap-l\">\n\t<p>Vorname und Nachname <span class=\"form-req\">*<\/span>\n\t<\/p>\n\t<p><span class=\"wpcf7-form-control-wrap\" data-name=\"your-name\"><input size=\"40\" class=\"wpcf7-form-control wpcf7-text wpcf7-validates-as-required\" aria-required=\"true\" aria-invalid=\"false\" value=\"\" type=\"text\" name=\"your-name\" \/><\/span>\n\t<\/p>\n<\/div>\n<div class=\"cf7-cap-r\">\n\t<p>Ihre E-Mail-Adresse <span class=\"form-req\">*<\/span>\n\t<\/p>\n\t<p><span class=\"wpcf7-form-control-wrap\" data-name=\"your-email\"><input size=\"40\" class=\"wpcf7-form-control wpcf7-email wpcf7-validates-as-required wpcf7-text wpcf7-validates-as-email\" aria-required=\"true\" aria-invalid=\"false\" value=\"\" type=\"email\" name=\"your-email\" \/><\/span>\n\t<\/p>\n<\/div>\n<div style=\"clear:both\">\n<\/div>\n<div class=\"cf7-cap-l\">\n\t<p>Rufnummer <span class=\"form-req\">*<\/span>\n\t<\/p>\n\t<p><span class=\"wpcf7-form-control-wrap\" data-name=\"your-tel\"><input size=\"40\" class=\"wpcf7-form-control wpcf7-tel wpcf7-validates-as-required wpcf7-text wpcf7-validates-as-tel\" aria-required=\"true\" aria-invalid=\"false\" value=\"\" type=\"tel\" name=\"your-tel\" \/><\/span>\n\t<\/p>\n<\/div>\n<div class=\"cf7-cap-r\">\n\t<p>Fach\n\t<\/p>\n\t<p><span class=\"wpcf7-form-control-wrap\" data-name=\"your-subject\"><input size=\"40\" class=\"wpcf7-form-control wpcf7-text\" aria-invalid=\"false\" value=\"\" type=\"text\" name=\"your-subject\" \/><\/span>\n\t<\/p>\n<\/div>\n<div style=\"clear:both\">\n<\/div>\n<p>Ihre Nachricht <span class=\"form-req\">*<\/span>\n<\/p>\n<p><span class=\"wpcf7-form-control-wrap\" data-name=\"your-message\"><textarea cols=\"40\" rows=\"10\" class=\"wpcf7-form-control wpcf7-textarea wpcf7-validates-as-required\" aria-required=\"true\" aria-invalid=\"false\" name=\"your-message\"><\/textarea><\/span>\n<\/p>\n<p class=\"field acpt\"><span class=\"wpcf7-form-control-wrap\" data-name=\"acceptance\"><span class=\"wpcf7-form-control wpcf7-acceptance\"><span class=\"wpcf7-list-item\"><input type=\"checkbox\" name=\"acceptance\" value=\"1\" aria-invalid=\"false\" \/><\/span><\/span><\/span> Ich akzeptiere die Bedingungen f\u00fcr die Bearbeitung meiner <a target=\"_blank\" href=\"\/de\/privacy-policy\" title=\"Privacy policy\">pers\u00f6nlichen Daten<\/a>.\n<\/p>\n<p class=\"field acpt cons\"><br \/>\nIch genehmige die Verarbeitung meiner personenbezogenen Daten f\u00fcr Marketingzwecke bez\u00fcglich der Produkte und Dienstleistungen von F&D COMMERCIAL ITALIA s.r.l. mittels Postsendungen und Telefon, auch ohne Bediener, per E-Mail, MMS, SMS. Die geleistete Genehmigung f\u00fcr Marketing-Zusendungen mit automatischen Mitteln gem\u00e4\u00df dem ehem. Art. 130 erstreckt sich auch auf die traditionellen Kontaktmethoden.\n<\/p>\n<p><span class=\"wpcf7-form-control-wrap\" data-name=\"cons\"><span class=\"wpcf7-form-control wpcf7-checkbox wpcf7-validates-as-required wpcf7-exclusive-checkbox\"><span class=\"wpcf7-list-item first\"><input type=\"checkbox\" name=\"cons\" value=\"Ich akzeptiere\" \/><span class=\"wpcf7-list-item-label\">Ich akzeptiere<\/span><\/span><span class=\"wpcf7-list-item last\"><input type=\"checkbox\" name=\"cons\" value=\"Ich lehne ab\" \/><span class=\"wpcf7-list-item-label\">Ich lehne ab<\/span><\/span><\/span><\/span>\n<\/p>\n<div class=\"cf7-cap-l\">\n\t<p>&nbsp;\n\t<\/p>\n<\/div>\n<div class=\"cf7-cap-r\">\n\t<p><small class=\"form-req\" style=\"padding-left:10px;\">* pflichtfelder<\/small><input class=\"wpcf7-form-control wpcf7-submit has-spinner\" type=\"submit\" value=\"Senden\" \/>\n\t<\/p>\n<\/div>\n<div style=\"clear:both\">\n<\/div>\n<style>\n.wpcf7 { margin-top: -16px !important; }\n.wpcf7 { margin-bottom:0.5em; }\n.cf7-cap { float:left; width:100%; }\n.cf7-cap-l, .cf7-cap-r { float:left; width:49%; margin-bottom:10px; }\n.cf7-cap-r { margin-left:1%; margin-bottom:10px; }\n.cf7-cap-l { margin-right:1%; margin-bottom:10px; }\n.wpcf7-submit { float:right !important; }\n.captcha input { padding-left:10px; }\n.captcha input { margin:0px; }\n.form-req { color:red; }\n.wpcf7 textarea { width:100% !important; height:80px; }\n.wpcf7-submit:disabled { opacity:0.5; cursor:not-allowed !important; }\n.wpcf7 .acpt input { width:auto !important; height:auto !important; margin-right:5px; }\n.wpcf7 .acpt span { width:auto !important; display:inline-block; }\n@media screen and (max-width:567px) {\n.cf7-cap-l, .cf7-cap-r { width:100%; }\n.cf7-cap-r { margin-left:0; }\n.cf7-cap-l { margin-right:0; }\ninput.wpcf7-submit { margin-top:20px !important; }\n}\n<\/style><div class=\"wpcf7-response-output\" aria-hidden=\"true\"><\/div>\n<\/form>\n<\/div>\n[\/vc_column_text][\/vc_column_inner][\/vc_row_inner][vc_empty_space height=&#8220;90px&#8220;][\/vc_column][\/vc_row]<\/p>\n","protected":false},"excerpt":{"rendered":"<p>[vc_row][vc_column][vc_row_inner][vc_column_inner width=&#8220;1\/3&#8243;][vc_column_text css_animation=&#8220;left-to-right&#8220;] \u00d6ffnungszeiten WINTERZEIT Montag &#8211; samstag: 8.00 &#8211; 19.30 Sonntagmorgen: 8.00 &#8211; 13.00 SOMMERFLUGPLAN Montag &#8211; Sonntagmorgen: 8.00 &#8211; 20.00 fortsetzung Der Supermarkt verf\u00fcgt \u00fcber einen gro\u00dfen Parkplatz und f\u00fcr unsere Kunden gibt es eine kostenlose WLAN-Verbindung.[\/vc_column_text][\/vc_column_inner][vc_column_inner width=&#8220;2\/3&#8243;][vc_column_text][\/vc_column_text][\/vc_column_inner][\/vc_row_inner][vc_empty_space height=&#8220;10px&#8220;][\/vc_column][\/vc_row][vc_row][vc_column][vc_row_inner][vc_column_inner width=&#8220;1\/3&#8243;][vc_column_text css_animation=&#8220;left-to-right&#8220;] Kontakt Hauptsitz: Via Dietro Castello 18\/20 San Felice del Benaco 25010, Brescia, [&hellip;]<\/p>\n","protected":false},"author":1,"featured_media":0,"parent":0,"menu_order":0,"comment_status":"closed","ping_status":"closed","template":"","meta":{"footnotes":""},"class_list":["post-2089","page","type-page","status-publish","hentry"],"yoast_head":"<!-- This site is optimized with the Yoast SEO plugin v23.8 - https:\/\/yoast.com\/wordpress\/plugins\/seo\/ -->\n<title>Kontakte - FD Market Gourmet<\/title>\n<meta name=\"robots\" content=\"index, follow, max-snippet:-1, max-image-preview:large, max-video-preview:-1\" \/>\n<link rel=\"canonical\" href=\"https:\/\/market.fdcommercialitalia.com\/contatti\/\" \/>\n<meta property=\"og:locale\" content=\"de_DE\" \/>\n<meta property=\"og:type\" content=\"article\" \/>\n<meta property=\"og:title\" content=\"Kontakte - FD Market Gourmet\" \/>\n<meta property=\"og:description\" content=\"[vc_row][vc_column][vc_row_inner][vc_column_inner width=&#8220;1\/3&#8243;][vc_column_text css_animation=&#8220;left-to-right&#8220;] \u00d6ffnungszeiten WINTERZEIT Montag &#8211; samstag: 8.00 &#8211; 19.30 Sonntagmorgen: 8.00 &#8211; 13.00 SOMMERFLUGPLAN Montag &#8211; Sonntagmorgen: 8.00 &#8211; 20.00 fortsetzung Der Supermarkt verf\u00fcgt \u00fcber einen gro\u00dfen Parkplatz und f\u00fcr unsere Kunden gibt es eine kostenlose WLAN-Verbindung.[\/vc_column_text][\/vc_column_inner][vc_column_inner width=&#8220;2\/3&#8243;][vc_column_text][\/vc_column_text][\/vc_column_inner][\/vc_row_inner][vc_empty_space height=&#8220;10px&#8220;][\/vc_column][\/vc_row][vc_row][vc_column][vc_row_inner][vc_column_inner width=&#8220;1\/3&#8243;][vc_column_text css_animation=&#8220;left-to-right&#8220;] Kontakt Hauptsitz: Via Dietro Castello 18\/20 San Felice del Benaco 25010, Brescia, [&hellip;]\" \/>\n<meta property=\"og:url\" content=\"https:\/\/market.fdcommercialitalia.com\/contatti\/\" \/>\n<meta property=\"og:site_name\" content=\"FD Market Gourmet\" \/>\n<meta property=\"article:modified_time\" content=\"2020-10-02T10:23:29+00:00\" \/>\n<meta name=\"twitter:card\" content=\"summary_large_image\" \/>\n<meta name=\"twitter:label1\" content=\"Gesch\u00e4tzte Lesezeit\" \/>\n\t<meta name=\"twitter:data1\" content=\"1 Minute\" \/>\n<script type=\"application\/ld+json\" class=\"yoast-schema-graph\">{\"@context\":\"https:\/\/schema.org\",\"@graph\":[{\"@type\":\"WebPage\",\"@id\":\"https:\/\/market.fdcommercialitalia.com\/contatti\/\",\"url\":\"https:\/\/market.fdcommercialitalia.com\/contatti\/\",\"name\":\"Kontakte - FD Market Gourmet\",\"isPartOf\":{\"@id\":\"https:\/\/market.fdcommercialitalia.com\/en\/#website\"},\"datePublished\":\"2015-10-13T09:34:44+00:00\",\"dateModified\":\"2020-10-02T10:23:29+00:00\",\"breadcrumb\":{\"@id\":\"https:\/\/market.fdcommercialitalia.com\/contatti\/#breadcrumb\"},\"inLanguage\":\"de\",\"potentialAction\":[{\"@type\":\"ReadAction\",\"target\":[\"https:\/\/market.fdcommercialitalia.com\/contatti\/\"]}]},{\"@type\":\"BreadcrumbList\",\"@id\":\"https:\/\/market.fdcommercialitalia.com\/contatti\/#breadcrumb\",\"itemListElement\":[{\"@type\":\"ListItem\",\"position\":1,\"name\":\"Startseite\",\"item\":\"https:\/\/market.fdcommercialitalia.com\/\"},{\"@type\":\"ListItem\",\"position\":2,\"name\":\"Kontakte\"}]},{\"@type\":\"WebSite\",\"@id\":\"https:\/\/market.fdcommercialitalia.com\/en\/#website\",\"url\":\"https:\/\/market.fdcommercialitalia.com\/en\/\",\"name\":\"FD Market Gourmet\",\"description\":\"\",\"potentialAction\":[{\"@type\":\"SearchAction\",\"target\":{\"@type\":\"EntryPoint\",\"urlTemplate\":\"https:\/\/market.fdcommercialitalia.com\/en\/?s={search_term_string}\"},\"query-input\":{\"@type\":\"PropertyValueSpecification\",\"valueRequired\":true,\"valueName\":\"search_term_string\"}}],\"inLanguage\":\"de\"}]}<\/script>\n<!-- \/ Yoast SEO plugin. -->","yoast_head_json":{"title":"Kontakte - FD Market Gourmet","robots":{"index":"index","follow":"follow","max-snippet":"max-snippet:-1","max-image-preview":"max-image-preview:large","max-video-preview":"max-video-preview:-1"},"canonical":"https:\/\/market.fdcommercialitalia.com\/contatti\/","og_locale":"de_DE","og_type":"article","og_title":"Kontakte - FD Market Gourmet","og_description":"[vc_row][vc_column][vc_row_inner][vc_column_inner width=&#8220;1\/3&#8243;][vc_column_text css_animation=&#8220;left-to-right&#8220;] \u00d6ffnungszeiten WINTERZEIT Montag &#8211; samstag: 8.00 &#8211; 19.30 Sonntagmorgen: 8.00 &#8211; 13.00 SOMMERFLUGPLAN Montag &#8211; Sonntagmorgen: 8.00 &#8211; 20.00 fortsetzung Der Supermarkt verf\u00fcgt \u00fcber einen gro\u00dfen Parkplatz und f\u00fcr unsere Kunden gibt es eine kostenlose WLAN-Verbindung.[\/vc_column_text][\/vc_column_inner][vc_column_inner width=&#8220;2\/3&#8243;][vc_column_text][\/vc_column_text][\/vc_column_inner][\/vc_row_inner][vc_empty_space height=&#8220;10px&#8220;][\/vc_column][\/vc_row][vc_row][vc_column][vc_row_inner][vc_column_inner width=&#8220;1\/3&#8243;][vc_column_text css_animation=&#8220;left-to-right&#8220;] Kontakt Hauptsitz: Via Dietro Castello 18\/20 San Felice del Benaco 25010, Brescia, [&hellip;]","og_url":"https:\/\/market.fdcommercialitalia.com\/contatti\/","og_site_name":"FD Market Gourmet","article_modified_time":"2020-10-02T10:23:29+00:00","twitter_card":"summary_large_image","twitter_misc":{"Gesch\u00e4tzte Lesezeit":"1 Minute"},"schema":{"@context":"https:\/\/schema.org","@graph":[{"@type":"WebPage","@id":"https:\/\/market.fdcommercialitalia.com\/contatti\/","url":"https:\/\/market.fdcommercialitalia.com\/contatti\/","name":"Kontakte - FD Market Gourmet","isPartOf":{"@id":"https:\/\/market.fdcommercialitalia.com\/en\/#website"},"datePublished":"2015-10-13T09:34:44+00:00","dateModified":"2020-10-02T10:23:29+00:00","breadcrumb":{"@id":"https:\/\/market.fdcommercialitalia.com\/contatti\/#breadcrumb"},"inLanguage":"de","potentialAction":[{"@type":"ReadAction","target":["https:\/\/market.fdcommercialitalia.com\/contatti\/"]}]},{"@type":"BreadcrumbList","@id":"https:\/\/market.fdcommercialitalia.com\/contatti\/#breadcrumb","itemListElement":[{"@type":"ListItem","position":1,"name":"Startseite","item":"https:\/\/market.fdcommercialitalia.com\/"},{"@type":"ListItem","position":2,"name":"Kontakte"}]},{"@type":"WebSite","@id":"https:\/\/market.fdcommercialitalia.com\/en\/#website","url":"https:\/\/market.fdcommercialitalia.com\/en\/","name":"FD Market Gourmet","description":"","potentialAction":[{"@type":"SearchAction","target":{"@type":"EntryPoint","urlTemplate":"https:\/\/market.fdcommercialitalia.com\/en\/?s={search_term_string}"},"query-input":{"@type":"PropertyValueSpecification","valueRequired":true,"valueName":"search_term_string"}}],"inLanguage":"de"}]}},"_links":{"self":[{"href":"https:\/\/market.fdcommercialitalia.com\/de\/wp-json\/wp\/v2\/pages\/2089"}],"collection":[{"href":"https:\/\/market.fdcommercialitalia.com\/de\/wp-json\/wp\/v2\/pages"}],"about":[{"href":"https:\/\/market.fdcommercialitalia.com\/de\/wp-json\/wp\/v2\/types\/page"}],"author":[{"embeddable":true,"href":"https:\/\/market.fdcommercialitalia.com\/de\/wp-json\/wp\/v2\/users\/1"}],"replies":[{"embeddable":true,"href":"https:\/\/market.fdcommercialitalia.com\/de\/wp-json\/wp\/v2\/comments?post=2089"}],"version-history":[{"count":7,"href":"https:\/\/market.fdcommercialitalia.com\/de\/wp-json\/wp\/v2\/pages\/2089\/revisions"}],"predecessor-version":[{"id":2225,"href":"https:\/\/market.fdcommercialitalia.com\/de\/wp-json\/wp\/v2\/pages\/2089\/revisions\/2225"}],"wp:attachment":[{"href":"https:\/\/market.fdcommercialitalia.com\/de\/wp-json\/wp\/v2\/media?parent=2089"}],"curies":[{"name":"wp","href":"https:\/\/api.w.org\/{rel}","templated":true}]}}