{"id":2085,"date":"2016-01-26T11:07:33","date_gmt":"2016-01-26T10:07:33","guid":{"rendered":"https:\/\/market.fdcommercialitalia.com\/de\/fd-gourmet\/"},"modified":"2016-05-19T17:16:52","modified_gmt":"2016-05-19T15:16:52","slug":"fd-gourmet","status":"publish","type":"page","link":"https:\/\/market.fdcommercialitalia.com\/de\/fd-gourmet\/","title":{"rendered":"FD Gourmet"},"content":{"rendered":"<p>[vc_row][vc_column width=&#8220;1\/2&#8243;]<h4 class=\"sc_title sc_title_regular\"><em>Typische Produkte<br \/>\n<\/em><\/h4>[vc_empty_space][vc_column_text css_animation=&#8220;left-to-right&#8220;]<\/p>\n<p style=\"text-align: justify;\"><strong>Wir sind stets auf der Suche<\/strong> nach typischen Erzeugnissen und Nischenprodukten, die der gro\u00dfen Tradition der italienischen Kulinarik und \u00d6nologie entstammen.<\/p>\n<p style=\"text-align: justify;\">Geschm\u00e4cker, D\u00fcfte und Aromen&#8230; Auf unserer Reise, die vom Norden in den S\u00fcden ganz <strong>Italien<\/strong> durchquert, w\u00e4hlen wir die <strong>besten Produkte<\/strong> aus, die von kleinen Produzenten kunstvoll und mit Geschick gefertigt werden.<\/p>\n<p style=\"text-align: justify;\">Es sind einzigartige Aromen, die sich aus dem handwerklichen K\u00f6nnen von Menschen ergeben, die weiterhin mit der Erfahrung und Liebe produzieren, die der <strong>Tradition und dem alten Qualit\u00e4tsbewusstsein<\/strong> entsprechen.<\/p>\n<p>[\/vc_column_text][\/vc_column][vc_column width=&#8220;1\/2&#8243;][vc_gallery type=&#8220;nivo&#8220; interval=&#8220;3&#8243; images=&#8220;1762,1759,1799&#8243; img_size=&#8220;full&#8220; onclick=&#8220;&#8220;][\/vc_column][\/vc_row][vc_row][vc_column]<h4 class=\"sc_title sc_title_regular\"><\/p>\n<div class=\"vc_row wpb_row vc_row-fluid\">\n<div class=\"wpb_column vc_column_container vc_col-sm-6\">\n<div class=\"wpb_wrapper\">\n<div class=\"wpb_text_column wpb_content_element \">\n<div class=\"wpb_wrapper\">\n<p><em>Verschenken Sie einen Geschmack, eine Emotion&#8230;<\/em><\/p>\n<\/div>\n<\/div>\n<\/div>\n<\/div>\n<\/div>\n<p><\/h4>[vc_column_text]<\/p>\n<p style=\"text-align: justify;\">VERSCHENKEN SIE EINEN GESCHMACK:\u00a0 Was k\u00f6nnte es denn f\u00fcr eine bessere Idee f\u00fcr Besucher der zauberhaften Orte am Gardasee geben, als der Familie oder den Freunden den ganzen Wohlgeschmack der ortstypischen oder aus ganz Italien stammenden Produkte mitzubringen. Wir stellen elegante und erlesene Geschenkpackungen verschiedener Art und Gr\u00f6\u00dfe zusammen, auch unter Verwendung von wiederverwendbarem Verpackungsmaterial&#8230;<\/p>\n<p style=\"text-align: justify;\"><em>\u00a0<\/em><\/p>\n<p>[\/vc_column_text][vc_empty_space][vc_masonry_media_grid element_width=&#8220;3&#8243; item=&#8220;masonryMedia_BorderedScale&#8220; grid_id=&#8220;vc_gid:1454324856994-358f6341-0f1e-2&#8243; include=&#8220;1807,1815,1829,1821&#8243;][vc_empty_space][\/vc_column][\/vc_row]<\/p>\n","protected":false},"excerpt":{"rendered":"<p>[vc_row][vc_column width=&#8220;1\/2&#8243;][vc_empty_space][vc_column_text css_animation=&#8220;left-to-right&#8220;] Wir sind stets auf der Suche nach typischen Erzeugnissen und Nischenprodukten, die der gro\u00dfen Tradition der italienischen Kulinarik und \u00d6nologie entstammen. Geschm\u00e4cker, D\u00fcfte und Aromen&#8230; Auf unserer Reise, die vom Norden in den S\u00fcden ganz Italien durchquert, w\u00e4hlen wir die besten Produkte aus, die von kleinen Produzenten kunstvoll und mit Geschick gefertigt [&hellip;]<\/p>\n","protected":false},"author":1,"featured_media":0,"parent":0,"menu_order":0,"comment_status":"closed","ping_status":"closed","template":"","meta":{"footnotes":""},"class_list":["post-2085","page","type-page","status-publish","hentry"],"yoast_head":"<!-- This site is optimized with the Yoast SEO plugin v23.8 - https:\/\/yoast.com\/wordpress\/plugins\/seo\/ -->\n<title>FD Gourmet - FD Market Gourmet<\/title>\n<meta name=\"robots\" content=\"index, follow, max-snippet:-1, max-image-preview:large, max-video-preview:-1\" \/>\n<link rel=\"canonical\" href=\"https:\/\/market.fdcommercialitalia.com\/fd-gourmet\/\" \/>\n<meta property=\"og:locale\" content=\"de_DE\" \/>\n<meta property=\"og:type\" content=\"article\" \/>\n<meta property=\"og:title\" content=\"FD Gourmet - FD Market Gourmet\" \/>\n<meta property=\"og:description\" content=\"[vc_row][vc_column width=&#8220;1\/2&#8243;][vc_empty_space][vc_column_text css_animation=&#8220;left-to-right&#8220;] Wir sind stets auf der Suche nach typischen Erzeugnissen und Nischenprodukten, die der gro\u00dfen Tradition der italienischen Kulinarik und \u00d6nologie entstammen. Geschm\u00e4cker, D\u00fcfte und Aromen&#8230; Auf unserer Reise, die vom Norden in den S\u00fcden ganz Italien durchquert, w\u00e4hlen wir die besten Produkte aus, die von kleinen Produzenten kunstvoll und mit Geschick gefertigt [&hellip;]\" \/>\n<meta property=\"og:url\" content=\"https:\/\/market.fdcommercialitalia.com\/fd-gourmet\/\" \/>\n<meta property=\"og:site_name\" content=\"FD Market Gourmet\" \/>\n<meta property=\"article:modified_time\" content=\"2016-05-19T15:16:52+00:00\" \/>\n<meta name=\"twitter:card\" content=\"summary_large_image\" \/>\n<meta name=\"twitter:label1\" content=\"Gesch\u00e4tzte Lesezeit\" \/>\n\t<meta name=\"twitter:data1\" content=\"1 Minute\" \/>\n<script type=\"application\/ld+json\" class=\"yoast-schema-graph\">{\"@context\":\"https:\/\/schema.org\",\"@graph\":[{\"@type\":\"WebPage\",\"@id\":\"https:\/\/market.fdcommercialitalia.com\/fd-gourmet\/\",\"url\":\"https:\/\/market.fdcommercialitalia.com\/fd-gourmet\/\",\"name\":\"FD Gourmet - FD Market Gourmet\",\"isPartOf\":{\"@id\":\"https:\/\/market.fdcommercialitalia.com\/en\/#website\"},\"datePublished\":\"2016-01-26T10:07:33+00:00\",\"dateModified\":\"2016-05-19T15:16:52+00:00\",\"breadcrumb\":{\"@id\":\"https:\/\/market.fdcommercialitalia.com\/fd-gourmet\/#breadcrumb\"},\"inLanguage\":\"de\",\"potentialAction\":[{\"@type\":\"ReadAction\",\"target\":[\"https:\/\/market.fdcommercialitalia.com\/fd-gourmet\/\"]}]},{\"@type\":\"BreadcrumbList\",\"@id\":\"https:\/\/market.fdcommercialitalia.com\/fd-gourmet\/#breadcrumb\",\"itemListElement\":[{\"@type\":\"ListItem\",\"position\":1,\"name\":\"Startseite\",\"item\":\"https:\/\/market.fdcommercialitalia.com\/\"},{\"@type\":\"ListItem\",\"position\":2,\"name\":\"FD Gourmet\"}]},{\"@type\":\"WebSite\",\"@id\":\"https:\/\/market.fdcommercialitalia.com\/en\/#website\",\"url\":\"https:\/\/market.fdcommercialitalia.com\/en\/\",\"name\":\"FD Market Gourmet\",\"description\":\"\",\"potentialAction\":[{\"@type\":\"SearchAction\",\"target\":{\"@type\":\"EntryPoint\",\"urlTemplate\":\"https:\/\/market.fdcommercialitalia.com\/en\/?s={search_term_string}\"},\"query-input\":{\"@type\":\"PropertyValueSpecification\",\"valueRequired\":true,\"valueName\":\"search_term_string\"}}],\"inLanguage\":\"de\"}]}<\/script>\n<!-- \/ Yoast SEO plugin. -->","yoast_head_json":{"title":"FD Gourmet - FD Market Gourmet","robots":{"index":"index","follow":"follow","max-snippet":"max-snippet:-1","max-image-preview":"max-image-preview:large","max-video-preview":"max-video-preview:-1"},"canonical":"https:\/\/market.fdcommercialitalia.com\/fd-gourmet\/","og_locale":"de_DE","og_type":"article","og_title":"FD Gourmet - FD Market Gourmet","og_description":"[vc_row][vc_column width=&#8220;1\/2&#8243;][vc_empty_space][vc_column_text css_animation=&#8220;left-to-right&#8220;] Wir sind stets auf der Suche nach typischen Erzeugnissen und Nischenprodukten, die der gro\u00dfen Tradition der italienischen Kulinarik und \u00d6nologie entstammen. Geschm\u00e4cker, D\u00fcfte und Aromen&#8230; Auf unserer Reise, die vom Norden in den S\u00fcden ganz Italien durchquert, w\u00e4hlen wir die besten Produkte aus, die von kleinen Produzenten kunstvoll und mit Geschick gefertigt [&hellip;]","og_url":"https:\/\/market.fdcommercialitalia.com\/fd-gourmet\/","og_site_name":"FD Market Gourmet","article_modified_time":"2016-05-19T15:16:52+00:00","twitter_card":"summary_large_image","twitter_misc":{"Gesch\u00e4tzte Lesezeit":"1 Minute"},"schema":{"@context":"https:\/\/schema.org","@graph":[{"@type":"WebPage","@id":"https:\/\/market.fdcommercialitalia.com\/fd-gourmet\/","url":"https:\/\/market.fdcommercialitalia.com\/fd-gourmet\/","name":"FD Gourmet - FD Market Gourmet","isPartOf":{"@id":"https:\/\/market.fdcommercialitalia.com\/en\/#website"},"datePublished":"2016-01-26T10:07:33+00:00","dateModified":"2016-05-19T15:16:52+00:00","breadcrumb":{"@id":"https:\/\/market.fdcommercialitalia.com\/fd-gourmet\/#breadcrumb"},"inLanguage":"de","potentialAction":[{"@type":"ReadAction","target":["https:\/\/market.fdcommercialitalia.com\/fd-gourmet\/"]}]},{"@type":"BreadcrumbList","@id":"https:\/\/market.fdcommercialitalia.com\/fd-gourmet\/#breadcrumb","itemListElement":[{"@type":"ListItem","position":1,"name":"Startseite","item":"https:\/\/market.fdcommercialitalia.com\/"},{"@type":"ListItem","position":2,"name":"FD Gourmet"}]},{"@type":"WebSite","@id":"https:\/\/market.fdcommercialitalia.com\/en\/#website","url":"https:\/\/market.fdcommercialitalia.com\/en\/","name":"FD Market Gourmet","description":"","potentialAction":[{"@type":"SearchAction","target":{"@type":"EntryPoint","urlTemplate":"https:\/\/market.fdcommercialitalia.com\/en\/?s={search_term_string}"},"query-input":{"@type":"PropertyValueSpecification","valueRequired":true,"valueName":"search_term_string"}}],"inLanguage":"de"}]}},"_links":{"self":[{"href":"https:\/\/market.fdcommercialitalia.com\/de\/wp-json\/wp\/v2\/pages\/2085"}],"collection":[{"href":"https:\/\/market.fdcommercialitalia.com\/de\/wp-json\/wp\/v2\/pages"}],"about":[{"href":"https:\/\/market.fdcommercialitalia.com\/de\/wp-json\/wp\/v2\/types\/page"}],"author":[{"embeddable":true,"href":"https:\/\/market.fdcommercialitalia.com\/de\/wp-json\/wp\/v2\/users\/1"}],"replies":[{"embeddable":true,"href":"https:\/\/market.fdcommercialitalia.com\/de\/wp-json\/wp\/v2\/comments?post=2085"}],"version-history":[{"count":2,"href":"https:\/\/market.fdcommercialitalia.com\/de\/wp-json\/wp\/v2\/pages\/2085\/revisions"}],"predecessor-version":[{"id":2087,"href":"https:\/\/market.fdcommercialitalia.com\/de\/wp-json\/wp\/v2\/pages\/2085\/revisions\/2087"}],"wp:attachment":[{"href":"https:\/\/market.fdcommercialitalia.com\/de\/wp-json\/wp\/v2\/media?parent=2085"}],"curies":[{"name":"wp","href":"https:\/\/api.w.org\/{rel}","templated":true}]}}