{"id":2081,"date":"2015-10-12T09:12:02","date_gmt":"2015-10-12T07:12:02","guid":{"rendered":"https:\/\/market.fdcommercialitalia.com\/de\/chi-siamo\/"},"modified":"2016-05-19T17:07:35","modified_gmt":"2016-05-19T15:07:35","slug":"ueber-uns","status":"publish","type":"page","link":"https:\/\/market.fdcommercialitalia.com\/de\/ueber-uns\/","title":{"rendered":"\u00dcber uns"},"content":{"rendered":"<p>[vc_row full_width=&#8220;stretch_row&#8220; css=&#8220;.vc_custom_1444643370093{margin-top: -60px !important;background-color: #ffffff !important;}&#8220;][vc_column][vc_empty_space height=&#8220;56px&#8220;]<h4 class=\"sc_title sc_title_regular sc_align_center\" style=\"margin-bottom:40px;text-align:center;\">Erfahrung und Liebe<\/h4>[vc_row_inner][vc_column_inner width=&#8220;1\/2&#8243;][vc_column_text css_animation=&#8220;left-to-right&#8220;]<\/p>\n<p style=\"text-align: justify;\">Sie finden unseren <strong><span style=\"color: #5b2c13;\">F&amp;D MARKET<\/span><\/strong> in <span style=\"color: #5b2c13;\"><strong>San Felice del Benaco<\/strong><\/span>, einer wundersch\u00f6nen Gemeinde am westlichen Ufer des Gardasees, wo auch die bezaubernden Ortschaften Portese und Cisano liegen. Er bietet eine reiche Auswahl an Lebensmitteln: Obst und Gem\u00fcse, Backwaren, Milchprodukte, Tiefk\u00fchlware und Bio-Produkte, auch solche ohne Laktose und Gluten, um den Bed\u00fcrfnissen aller Kunden gerecht zu werden. Unsere <strong>Produkte <\/strong>sind sorgsam ausgew\u00e4hlt und werden vom <span style=\"color: #5b2c13;\"><strong>SELEX<\/strong><\/span> G\u00fctesiegel und traditionsreichen Marken <strong>garantiert<\/strong>, sodass Ihr Einkauf stets hohe Qualit\u00e4t mit g\u00fcnstigen Preisen verbindet.<\/p>\n<h5 style=\"text-align: justify;\">Eine zus\u00e4tzliche Aufmerksamkeit&#8230;<\/h5>\n<p style=\"text-align: justify;\">Es entspricht unserer Philosophie, Qualit\u00e4t und Umweltschutz miteinander zu verbinden. Alle unsere Ausstellungsfl\u00e4chen sind energiesparend ausgestattet und die Beleuchtung des Gesch\u00e4fts erfolgt mit LEDs. Unsere umweltfreundlichen Ger\u00e4te sind darauf ausgelegt, weniger CO2 auszusto\u00dfen und mit ihrer Hilfe k\u00f6nnen wir unseren Kunden eine bessere und l\u00e4ngere Haltbarkeit unserer Produkte bieten.<\/p>\n<p>[\/vc_column_text][\/vc_column_inner][vc_column_inner width=&#8220;1\/2&#8243;][vc_single_image image=&#8220;1882&#8243; img_size=&#8220;full&#8220; alignment=&#8220;right&#8220; css_animation=&#8220;right-to-left&#8220;][\/vc_column_inner][\/vc_row_inner][vc_empty_space height=&#8220;85px&#8220;][\/vc_column][\/vc_row]<\/p>\n","protected":false},"excerpt":{"rendered":"<p>[vc_row full_width=&#8220;stretch_row&#8220; css=&#8220;.vc_custom_1444643370093{margin-top: -60px !important;background-color: #ffffff !important;}&#8220;][vc_column][vc_empty_space height=&#8220;56px&#8220;][vc_row_inner][vc_column_inner width=&#8220;1\/2&#8243;][vc_column_text css_animation=&#8220;left-to-right&#8220;] Sie finden unseren F&amp;D MARKET in San Felice del Benaco, einer wundersch\u00f6nen Gemeinde am westlichen Ufer des Gardasees, wo auch die bezaubernden Ortschaften Portese und Cisano liegen. Er bietet eine reiche Auswahl an Lebensmitteln: Obst und Gem\u00fcse, Backwaren, Milchprodukte, Tiefk\u00fchlware und Bio-Produkte, auch solche ohne [&hellip;]<\/p>\n","protected":false},"author":1,"featured_media":0,"parent":0,"menu_order":0,"comment_status":"closed","ping_status":"closed","template":"","meta":{"footnotes":""},"class_list":["post-2081","page","type-page","status-publish","hentry"],"yoast_head":"<!-- This site is optimized with the Yoast SEO plugin v23.8 - https:\/\/yoast.com\/wordpress\/plugins\/seo\/ -->\n<title>\u00dcber uns - FD Market Gourmet<\/title>\n<meta name=\"robots\" content=\"index, follow, max-snippet:-1, max-image-preview:large, max-video-preview:-1\" \/>\n<link rel=\"canonical\" href=\"https:\/\/market.fdcommercialitalia.com\/chi-siamo\/\" \/>\n<meta property=\"og:locale\" content=\"de_DE\" \/>\n<meta property=\"og:type\" content=\"article\" \/>\n<meta property=\"og:title\" content=\"\u00dcber uns - FD Market Gourmet\" \/>\n<meta property=\"og:description\" content=\"[vc_row full_width=&#8220;stretch_row&#8220; css=&#8220;.vc_custom_1444643370093{margin-top: -60px !important;background-color: #ffffff !important;}&#8220;][vc_column][vc_empty_space height=&#8220;56px&#8220;][vc_row_inner][vc_column_inner width=&#8220;1\/2&#8243;][vc_column_text css_animation=&#8220;left-to-right&#8220;] Sie finden unseren F&amp;D MARKET in San Felice del Benaco, einer wundersch\u00f6nen Gemeinde am westlichen Ufer des Gardasees, wo auch die bezaubernden Ortschaften Portese und Cisano liegen. Er bietet eine reiche Auswahl an Lebensmitteln: Obst und Gem\u00fcse, Backwaren, Milchprodukte, Tiefk\u00fchlware und Bio-Produkte, auch solche ohne [&hellip;]\" \/>\n<meta property=\"og:url\" content=\"https:\/\/market.fdcommercialitalia.com\/chi-siamo\/\" \/>\n<meta property=\"og:site_name\" content=\"FD Market Gourmet\" \/>\n<meta property=\"article:modified_time\" content=\"2016-05-19T15:07:35+00:00\" \/>\n<meta name=\"twitter:card\" content=\"summary_large_image\" \/>\n<meta name=\"twitter:label1\" content=\"Gesch\u00e4tzte Lesezeit\" \/>\n\t<meta name=\"twitter:data1\" content=\"1 Minute\" \/>\n<script type=\"application\/ld+json\" class=\"yoast-schema-graph\">{\"@context\":\"https:\/\/schema.org\",\"@graph\":[{\"@type\":\"WebPage\",\"@id\":\"https:\/\/market.fdcommercialitalia.com\/chi-siamo\/\",\"url\":\"https:\/\/market.fdcommercialitalia.com\/chi-siamo\/\",\"name\":\"\u00dcber uns - FD Market Gourmet\",\"isPartOf\":{\"@id\":\"https:\/\/market.fdcommercialitalia.com\/en\/#website\"},\"datePublished\":\"2015-10-12T07:12:02+00:00\",\"dateModified\":\"2016-05-19T15:07:35+00:00\",\"breadcrumb\":{\"@id\":\"https:\/\/market.fdcommercialitalia.com\/chi-siamo\/#breadcrumb\"},\"inLanguage\":\"de\",\"potentialAction\":[{\"@type\":\"ReadAction\",\"target\":[\"https:\/\/market.fdcommercialitalia.com\/chi-siamo\/\"]}]},{\"@type\":\"BreadcrumbList\",\"@id\":\"https:\/\/market.fdcommercialitalia.com\/chi-siamo\/#breadcrumb\",\"itemListElement\":[{\"@type\":\"ListItem\",\"position\":1,\"name\":\"Startseite\",\"item\":\"https:\/\/market.fdcommercialitalia.com\/\"},{\"@type\":\"ListItem\",\"position\":2,\"name\":\"\u00dcber uns\"}]},{\"@type\":\"WebSite\",\"@id\":\"https:\/\/market.fdcommercialitalia.com\/en\/#website\",\"url\":\"https:\/\/market.fdcommercialitalia.com\/en\/\",\"name\":\"FD Market Gourmet\",\"description\":\"\",\"potentialAction\":[{\"@type\":\"SearchAction\",\"target\":{\"@type\":\"EntryPoint\",\"urlTemplate\":\"https:\/\/market.fdcommercialitalia.com\/en\/?s={search_term_string}\"},\"query-input\":{\"@type\":\"PropertyValueSpecification\",\"valueRequired\":true,\"valueName\":\"search_term_string\"}}],\"inLanguage\":\"de\"}]}<\/script>\n<!-- \/ Yoast SEO plugin. -->","yoast_head_json":{"title":"\u00dcber uns - FD Market Gourmet","robots":{"index":"index","follow":"follow","max-snippet":"max-snippet:-1","max-image-preview":"max-image-preview:large","max-video-preview":"max-video-preview:-1"},"canonical":"https:\/\/market.fdcommercialitalia.com\/chi-siamo\/","og_locale":"de_DE","og_type":"article","og_title":"\u00dcber uns - FD Market Gourmet","og_description":"[vc_row full_width=&#8220;stretch_row&#8220; css=&#8220;.vc_custom_1444643370093{margin-top: -60px !important;background-color: #ffffff !important;}&#8220;][vc_column][vc_empty_space height=&#8220;56px&#8220;][vc_row_inner][vc_column_inner width=&#8220;1\/2&#8243;][vc_column_text css_animation=&#8220;left-to-right&#8220;] Sie finden unseren F&amp;D MARKET in San Felice del Benaco, einer wundersch\u00f6nen Gemeinde am westlichen Ufer des Gardasees, wo auch die bezaubernden Ortschaften Portese und Cisano liegen. Er bietet eine reiche Auswahl an Lebensmitteln: Obst und Gem\u00fcse, Backwaren, Milchprodukte, Tiefk\u00fchlware und Bio-Produkte, auch solche ohne [&hellip;]","og_url":"https:\/\/market.fdcommercialitalia.com\/chi-siamo\/","og_site_name":"FD Market Gourmet","article_modified_time":"2016-05-19T15:07:35+00:00","twitter_card":"summary_large_image","twitter_misc":{"Gesch\u00e4tzte Lesezeit":"1 Minute"},"schema":{"@context":"https:\/\/schema.org","@graph":[{"@type":"WebPage","@id":"https:\/\/market.fdcommercialitalia.com\/chi-siamo\/","url":"https:\/\/market.fdcommercialitalia.com\/chi-siamo\/","name":"\u00dcber uns - FD Market Gourmet","isPartOf":{"@id":"https:\/\/market.fdcommercialitalia.com\/en\/#website"},"datePublished":"2015-10-12T07:12:02+00:00","dateModified":"2016-05-19T15:07:35+00:00","breadcrumb":{"@id":"https:\/\/market.fdcommercialitalia.com\/chi-siamo\/#breadcrumb"},"inLanguage":"de","potentialAction":[{"@type":"ReadAction","target":["https:\/\/market.fdcommercialitalia.com\/chi-siamo\/"]}]},{"@type":"BreadcrumbList","@id":"https:\/\/market.fdcommercialitalia.com\/chi-siamo\/#breadcrumb","itemListElement":[{"@type":"ListItem","position":1,"name":"Startseite","item":"https:\/\/market.fdcommercialitalia.com\/"},{"@type":"ListItem","position":2,"name":"\u00dcber uns"}]},{"@type":"WebSite","@id":"https:\/\/market.fdcommercialitalia.com\/en\/#website","url":"https:\/\/market.fdcommercialitalia.com\/en\/","name":"FD Market Gourmet","description":"","potentialAction":[{"@type":"SearchAction","target":{"@type":"EntryPoint","urlTemplate":"https:\/\/market.fdcommercialitalia.com\/en\/?s={search_term_string}"},"query-input":{"@type":"PropertyValueSpecification","valueRequired":true,"valueName":"search_term_string"}}],"inLanguage":"de"}]}},"_links":{"self":[{"href":"https:\/\/market.fdcommercialitalia.com\/de\/wp-json\/wp\/v2\/pages\/2081"}],"collection":[{"href":"https:\/\/market.fdcommercialitalia.com\/de\/wp-json\/wp\/v2\/pages"}],"about":[{"href":"https:\/\/market.fdcommercialitalia.com\/de\/wp-json\/wp\/v2\/types\/page"}],"author":[{"embeddable":true,"href":"https:\/\/market.fdcommercialitalia.com\/de\/wp-json\/wp\/v2\/users\/1"}],"replies":[{"embeddable":true,"href":"https:\/\/market.fdcommercialitalia.com\/de\/wp-json\/wp\/v2\/comments?post=2081"}],"version-history":[{"count":3,"href":"https:\/\/market.fdcommercialitalia.com\/de\/wp-json\/wp\/v2\/pages\/2081\/revisions"}],"predecessor-version":[{"id":2084,"href":"https:\/\/market.fdcommercialitalia.com\/de\/wp-json\/wp\/v2\/pages\/2081\/revisions\/2084"}],"wp:attachment":[{"href":"https:\/\/market.fdcommercialitalia.com\/de\/wp-json\/wp\/v2\/media?parent=2081"}],"curies":[{"name":"wp","href":"https:\/\/api.w.org\/{rel}","templated":true}]}}