{"id":2075,"date":"2016-01-26T11:05:20","date_gmt":"2016-01-26T10:05:20","guid":{"rendered":"https:\/\/market.fdcommercialitalia.com\/de\/fd-market\/"},"modified":"2020-10-02T12:25:38","modified_gmt":"2020-10-02T10:25:38","slug":"fd-market","status":"publish","type":"page","link":"https:\/\/market.fdcommercialitalia.com\/de\/fd-market\/","title":{"rendered":"FD Market"},"content":{"rendered":"<p>[vc_row][vc_column]<h4 class=\"sc_title sc_title_regular\"><em>Jeden Tag &#8230;<\/em><\/h4>[vc_empty_space height=&#8220;1px&#8220;][vc_column_text css_animation=&#8220;left-to-right&#8220;]<\/p>\n<h4 style=\"text-align: justify;\"><\/h4>\n<p style=\"text-align: justify;\">Unsere Zugeh\u00f6rigkeit zu einer gro\u00dfen und f\u00fchrenden Kette des Lebensmittelvertriebs erm\u00f6glicht es uns, unseren Kunden nicht nur einzigartige Artikel und Nischenprodukte der italienischen Nahrungsmittelindustrie anzubieten, sondern auch Produkte des t\u00e4glichen Gebrauchs.<\/p>\n<p style=\"text-align: justify;\">In unserem Gesch\u00e4ft gibt es ein breites Angebot von Lebensmitteln: Obst und Gem\u00fcse, Backwaren, Milchprodukte, Tiefk\u00fchlware und Bio-Produkte, auch solche ohne Laktose und Gluten, um den Bed\u00fcrfnissen aller Kunden gerecht zu werden. <strong>Unsere Produkte<\/strong> sind sorgsam ausgew\u00e4hlt und <strong>werden<\/strong> vom <strong><span style=\"color: #5b2c13;\">SELEX<\/span> <\/strong>G\u00fctesiegel und traditionsreichen Marken garantiert, sodass Ihr Einkauf stets hohe Qualit\u00e4t mit g\u00fcnstigen Preisen verbindet.<\/p>\n<p>[\/vc_column_text][vc_empty_space height=&#8220;20px&#8220;][\/vc_column][\/vc_row][vc_row css=&#8220;.vc_custom_1453810147141{margin-top: 30px !important;margin-bottom: 50px !important;}&#8220;][vc_column width=&#8220;1\/3&#8243;]<h4 class=\"sc_title sc_title_regular\"><em>Unsere \u00d6ffnungszeiten<br \/>\n<\/em><\/h4>[vc_empty_space height=&#8220;1px&#8220;][vc_column_text css_animation=&#8220;left-to-right&#8220;]<strong><span style=\"color: #5b2c13;\">WINTERZEIT<\/span><br \/>\n<\/strong>Montag &#8211; samstag: 8.00 &#8211; 19.30<br \/>\nSonntagmorgen: 8.00 &#8211; 13.00<\/p>\n<p><strong><span style=\"color: #5b2c13;\">SOMMERFLUGPLAN<\/span><br \/>\n<\/strong>Montag &#8211; Sonntagmorgen: 8.00 &#8211; 20.00 fortsetzung<\/p>\n<p>Der Supermarkt verf\u00fcgt \u00fcber einen gro\u00dfen Parkplatz und f\u00fcr unsere Kunden gibt es eine kostenlose WLAN-Verbindung.[\/vc_column_text][vc_empty_space height=&#8220;40px&#8220;]<h4 class=\"sc_title sc_title_regular\"><em>Flyer herunterladen<br \/>\n<\/em><\/h4>[vc_empty_space height=&#8220;1px&#8220;][vc_column_text css_animation=&#8220;left-to-right&#8220;]<\/p>\n<p style=\"text-align: justify;\">Profitieren Sie jetzt von unseren Sonderangeboten! Zudem erwarten wir Sie bei uns, um viele weitere Sonderangebote zu entdecken.<\/p>\n<p>[\/vc_column_text][vc_empty_space height=&#8220;20px&#8220;][vc_single_image image=&#8220;2102&#8243; img_size=&#8220;full&#8220; alignment=&#8220;center&#8220; onclick=&#8220;custom_link&#8220; img_link_target=&#8220;_blank&#8220; link=&#8220;https:\/\/market.fdcommercialitalia.com\/wp-content\/uploads\/volantino\/depliant.pdf&#8220;][\/vc_column][vc_column width=&#8220;2\/3&#8243;]<h4 class=\"sc_title sc_title_regular\"><em>Ein Blick in unseren Supermarkt<br \/>\n<\/em><\/h4>[vc_empty_space height=&#8220;20px&#8220;][vc_masonry_media_grid element_width=&#8220;12&#8243; item=&#8220;masonryMedia_SlideTop&#8220; grid_id=&#8220;vc_gid:1453803908336-4c55be1b-a043-8&#8243; include=&#8220;1846&#8243;][vc_empty_space height=&#8220;5px&#8220;][vc_masonry_media_grid item=&#8220;masonryMedia_SlideTop&#8220; grid_id=&#8220;vc_gid:1455114681019-eabde0e9-2b4d-8&#8243; include=&#8220;1730,1715,1727,1733,1853,1718,1706,1703,1861,1864&#8243;][\/vc_column][\/vc_row]<\/p>\n","protected":false},"excerpt":{"rendered":"<p>[vc_row][vc_column][vc_empty_space height=&#8220;1px&#8220;][vc_column_text css_animation=&#8220;left-to-right&#8220;] Unsere Zugeh\u00f6rigkeit zu einer gro\u00dfen und f\u00fchrenden Kette des Lebensmittelvertriebs erm\u00f6glicht es uns, unseren Kunden nicht nur einzigartige Artikel und Nischenprodukte der italienischen Nahrungsmittelindustrie anzubieten, sondern auch Produkte des t\u00e4glichen Gebrauchs. In unserem Gesch\u00e4ft gibt es ein breites Angebot von Lebensmitteln: Obst und Gem\u00fcse, Backwaren, Milchprodukte, Tiefk\u00fchlware und Bio-Produkte, auch solche ohne [&hellip;]<\/p>\n","protected":false},"author":1,"featured_media":0,"parent":0,"menu_order":0,"comment_status":"closed","ping_status":"closed","template":"","meta":{"footnotes":""},"class_list":["post-2075","page","type-page","status-publish","hentry"],"yoast_head":"<!-- This site is optimized with the Yoast SEO plugin v23.8 - https:\/\/yoast.com\/wordpress\/plugins\/seo\/ -->\n<title>FD Market<\/title>\n<meta name=\"description\" content=\"Curiamo una vasta gamma di prodotti: senza glutine, lattosio, zucchero. Bio: grandi marchi e una selezione accurata dei prodotti della linea SELEX\" \/>\n<meta name=\"robots\" content=\"index, follow, max-snippet:-1, max-image-preview:large, max-video-preview:-1\" \/>\n<link rel=\"canonical\" href=\"https:\/\/market.fdcommercialitalia.com\/fd-market\/\" \/>\n<meta property=\"og:locale\" content=\"de_DE\" \/>\n<meta property=\"og:type\" content=\"article\" \/>\n<meta property=\"og:title\" content=\"FD Market\" \/>\n<meta property=\"og:description\" content=\"Curiamo una vasta gamma di prodotti: senza glutine, lattosio, zucchero. Bio: grandi marchi e una selezione accurata dei prodotti della linea SELEX\" \/>\n<meta property=\"og:url\" content=\"https:\/\/market.fdcommercialitalia.com\/fd-market\/\" \/>\n<meta property=\"og:site_name\" content=\"FD Market Gourmet\" \/>\n<meta property=\"article:modified_time\" content=\"2020-10-02T10:25:38+00:00\" \/>\n<meta name=\"twitter:card\" content=\"summary_large_image\" \/>\n<meta name=\"twitter:label1\" content=\"Gesch\u00e4tzte Lesezeit\" \/>\n\t<meta name=\"twitter:data1\" content=\"2 Minuten\" \/>\n<script type=\"application\/ld+json\" class=\"yoast-schema-graph\">{\"@context\":\"https:\/\/schema.org\",\"@graph\":[{\"@type\":\"WebPage\",\"@id\":\"https:\/\/market.fdcommercialitalia.com\/fd-market\/\",\"url\":\"https:\/\/market.fdcommercialitalia.com\/fd-market\/\",\"name\":\"FD Market\",\"isPartOf\":{\"@id\":\"https:\/\/market.fdcommercialitalia.com\/en\/#website\"},\"datePublished\":\"2016-01-26T10:05:20+00:00\",\"dateModified\":\"2020-10-02T10:25:38+00:00\",\"description\":\"Curiamo una vasta gamma di prodotti: senza glutine, lattosio, zucchero. Bio: grandi marchi e una selezione accurata dei prodotti della linea SELEX\",\"breadcrumb\":{\"@id\":\"https:\/\/market.fdcommercialitalia.com\/fd-market\/#breadcrumb\"},\"inLanguage\":\"de\",\"potentialAction\":[{\"@type\":\"ReadAction\",\"target\":[\"https:\/\/market.fdcommercialitalia.com\/fd-market\/\"]}]},{\"@type\":\"BreadcrumbList\",\"@id\":\"https:\/\/market.fdcommercialitalia.com\/fd-market\/#breadcrumb\",\"itemListElement\":[{\"@type\":\"ListItem\",\"position\":1,\"name\":\"Startseite\",\"item\":\"https:\/\/market.fdcommercialitalia.com\/\"},{\"@type\":\"ListItem\",\"position\":2,\"name\":\"FD Market\"}]},{\"@type\":\"WebSite\",\"@id\":\"https:\/\/market.fdcommercialitalia.com\/en\/#website\",\"url\":\"https:\/\/market.fdcommercialitalia.com\/en\/\",\"name\":\"FD Market Gourmet\",\"description\":\"\",\"potentialAction\":[{\"@type\":\"SearchAction\",\"target\":{\"@type\":\"EntryPoint\",\"urlTemplate\":\"https:\/\/market.fdcommercialitalia.com\/en\/?s={search_term_string}\"},\"query-input\":{\"@type\":\"PropertyValueSpecification\",\"valueRequired\":true,\"valueName\":\"search_term_string\"}}],\"inLanguage\":\"de\"}]}<\/script>\n<!-- \/ Yoast SEO plugin. -->","yoast_head_json":{"title":"FD Market","description":"Curiamo una vasta gamma di prodotti: senza glutine, lattosio, zucchero. Bio: grandi marchi e una selezione accurata dei prodotti della linea SELEX","robots":{"index":"index","follow":"follow","max-snippet":"max-snippet:-1","max-image-preview":"max-image-preview:large","max-video-preview":"max-video-preview:-1"},"canonical":"https:\/\/market.fdcommercialitalia.com\/fd-market\/","og_locale":"de_DE","og_type":"article","og_title":"FD Market","og_description":"Curiamo una vasta gamma di prodotti: senza glutine, lattosio, zucchero. Bio: grandi marchi e una selezione accurata dei prodotti della linea SELEX","og_url":"https:\/\/market.fdcommercialitalia.com\/fd-market\/","og_site_name":"FD Market Gourmet","article_modified_time":"2020-10-02T10:25:38+00:00","twitter_card":"summary_large_image","twitter_misc":{"Gesch\u00e4tzte Lesezeit":"2 Minuten"},"schema":{"@context":"https:\/\/schema.org","@graph":[{"@type":"WebPage","@id":"https:\/\/market.fdcommercialitalia.com\/fd-market\/","url":"https:\/\/market.fdcommercialitalia.com\/fd-market\/","name":"FD Market","isPartOf":{"@id":"https:\/\/market.fdcommercialitalia.com\/en\/#website"},"datePublished":"2016-01-26T10:05:20+00:00","dateModified":"2020-10-02T10:25:38+00:00","description":"Curiamo una vasta gamma di prodotti: senza glutine, lattosio, zucchero. Bio: grandi marchi e una selezione accurata dei prodotti della linea SELEX","breadcrumb":{"@id":"https:\/\/market.fdcommercialitalia.com\/fd-market\/#breadcrumb"},"inLanguage":"de","potentialAction":[{"@type":"ReadAction","target":["https:\/\/market.fdcommercialitalia.com\/fd-market\/"]}]},{"@type":"BreadcrumbList","@id":"https:\/\/market.fdcommercialitalia.com\/fd-market\/#breadcrumb","itemListElement":[{"@type":"ListItem","position":1,"name":"Startseite","item":"https:\/\/market.fdcommercialitalia.com\/"},{"@type":"ListItem","position":2,"name":"FD Market"}]},{"@type":"WebSite","@id":"https:\/\/market.fdcommercialitalia.com\/en\/#website","url":"https:\/\/market.fdcommercialitalia.com\/en\/","name":"FD Market Gourmet","description":"","potentialAction":[{"@type":"SearchAction","target":{"@type":"EntryPoint","urlTemplate":"https:\/\/market.fdcommercialitalia.com\/en\/?s={search_term_string}"},"query-input":{"@type":"PropertyValueSpecification","valueRequired":true,"valueName":"search_term_string"}}],"inLanguage":"de"}]}},"_links":{"self":[{"href":"https:\/\/market.fdcommercialitalia.com\/de\/wp-json\/wp\/v2\/pages\/2075"}],"collection":[{"href":"https:\/\/market.fdcommercialitalia.com\/de\/wp-json\/wp\/v2\/pages"}],"about":[{"href":"https:\/\/market.fdcommercialitalia.com\/de\/wp-json\/wp\/v2\/types\/page"}],"author":[{"embeddable":true,"href":"https:\/\/market.fdcommercialitalia.com\/de\/wp-json\/wp\/v2\/users\/1"}],"replies":[{"embeddable":true,"href":"https:\/\/market.fdcommercialitalia.com\/de\/wp-json\/wp\/v2\/comments?post=2075"}],"version-history":[{"count":10,"href":"https:\/\/market.fdcommercialitalia.com\/de\/wp-json\/wp\/v2\/pages\/2075\/revisions"}],"predecessor-version":[{"id":2227,"href":"https:\/\/market.fdcommercialitalia.com\/de\/wp-json\/wp\/v2\/pages\/2075\/revisions\/2227"}],"wp:attachment":[{"href":"https:\/\/market.fdcommercialitalia.com\/de\/wp-json\/wp\/v2\/media?parent=2075"}],"curies":[{"name":"wp","href":"https:\/\/api.w.org\/{rel}","templated":true}]}}