{"id":2072,"date":"2015-10-09T08:37:49","date_gmt":"2015-10-09T06:37:49","guid":{"rendered":"https:\/\/market.fdcommercialitalia.com\/de\/home\/"},"modified":"2019-10-11T09:50:17","modified_gmt":"2019-10-11T07:50:17","slug":"home","status":"publish","type":"page","link":"https:\/\/market.fdcommercialitalia.com\/de\/","title":{"rendered":"Home"},"content":{"rendered":"<p>[vc_row][vc_column width=&#8220;1\/3&#8243;][vc_column_text]<\/p>\n<h6 style=\"text-align: center; font-family: Satisfy; font-size: 30px; font-weight: 400; margin-top: 20px;\"><a href=\"https:\/\/market.fdcommercialitalia.com\/wp-content\/uploads\/volantino\/depliant.pdf\" target=\"_blank\"><img loading=\"lazy\" decoding=\"async\" class=\"aligncenter size-full wp-image-1902\" src=\"https:\/\/market.fdcommercialitalia.com\/wp-content\/uploads\/2016\/02\/1s4.png\" alt=\"1s\" width=\"167\" height=\"167\" \/><\/a><a style=\"color: #5b2c13;\" href=\"https:\/\/market.fdcommercialitalia.com\/wp-content\/uploads\/volantino\/depliant.pdf\" target=\"_blank\">Flyer herunterladen<\/a><\/h6>\n<p>[\/vc_column_text][\/vc_column][vc_column width=&#8220;1\/3&#8243;][vc_column_text]<\/p>\n<h6 style=\"text-align: center; font-family: Satisfy; font-size: 30px; font-weight: 400; margin-top: 20px;\"><a href=\"\/?page_id=1590\"><img loading=\"lazy\" decoding=\"async\" class=\"aligncenter size-full wp-image-1902\" src=\"https:\/\/market.fdcommercialitalia.com\/wp-content\/uploads\/2016\/02\/2s1.png\" alt=\"1s\" width=\"167\" height=\"167\" \/><\/a><a style=\"color: #5b2c13;\" href=\"\/de\/fd-market\/\">Ihr Supermarkt<\/a><\/h6>\n<p>[\/vc_column_text][\/vc_column][vc_column width=&#8220;1\/3&#8243;][vc_column_text]<\/p>\n<h6 style=\"text-align: center; font-family: Satisfy; font-size: 30px; font-weight: 400; margin-top: 20px;\"><a href=\"\/?page_id=1592\"><img loading=\"lazy\" decoding=\"async\" class=\"aligncenter size-full wp-image-1902\" src=\"https:\/\/market.fdcommercialitalia.com\/wp-content\/uploads\/2016\/02\/3s1.png\" alt=\"1s\" width=\"167\" height=\"167\" \/><\/a><a style=\"color: #5b2c13;\" href=\"\/de\/fd-gourmet\/\">Nischenprodukte<\/a><\/h6>\n<p>[\/vc_column_text][\/vc_column][vc_column][vc_empty_space height=&#8220;40px&#8220;]<div class=\"sc_line sc_line_position_center_center sc_line_style_iconed\" style=\"margin-top:0px;margin-bottom:33px;border-top-style:iconed;\"><\/div>[\/vc_column][\/vc_row][vc_row full_width=&#8220;stretch_row&#8220; parallax=&#8220;content-moving&#8220; css=&#8220;.vc_custom_1454259596087{padding-top: 80px !important;padding-bottom: 120px !important;background-image: url(https:\/\/market.fdcommercialitalia.com\/wp-content\/uploads\/2015\/10\/home_parallax_1.jpg?id=1677) !important;}&#8220; el_id=&#8220;fascia&#8220;][vc_column]<div class=\"sc_section scheme_dark\" style=\"margin-top:50px;\"><div class=\"sc_section_inner\">[vc_column_text css_animation=&#8220;appear&#8220; css=&#8220;.vc_custom_1463667968088{margin-bottom: 65px !important;}&#8220;]<\/p>\n<h5 style=\"text-align: center;\"><span style=\"color: #ffffff;\">Wir w\u00e4hlen typische Produkte der gro\u00dfen italienischen Ess- und Trinkkultur<\/span><\/h5>\n<p>[\/vc_column_text]<a href=\"\/chi siamo\/\" data-animation=\"animated fadeIn normal\" class=\"sc_button sc_button_square sc_button_style_filled sc_button_size_medium\" style=\"margin-right:auto;margin-left:auto;color:#5b2c13;background-color:#b4bb6b; border-color:#b4bb6b;\">Mehr erfahren<\/a><\/div><\/div>[\/vc_column][\/vc_row][vc_row css=&#8220;.vc_custom_1448032126671{padding-top: 50px !important;}&#8220;][vc_column]<h4 class=\"sc_title sc_title_regular sc_align_center\" style=\"text-align:center;\" data-animation=\"animated fadeIn normal\">F &amp; D Market Gourmet jeden Tag auf Ihrem Tisch<\/h4>[vc_empty_space height=&#8220;15px&#8220;]<div class=\"columns_wrap sc_columns columns_nofluid sc_columns_count_2\"><div class=\"column-1_2 sc_column_item sc_column_item_1 odd first\">[vc_column_text css=&#8220;.vc_custom_1463668165727{margin-top: 30px !important;padding-top: 30px !important;padding-right: 50px !important;padding-bottom: 30px !important;padding-left: 30px !important;}&#8220;]<\/p>\n<p style=\"text-align: justify;\"><strong>Wir sind stets auf der Suche<\/strong> nach typischen Erzeugnissen und Nischenprodukten, die der gro\u00dfen Tradition der italienischen Kulinarik und \u00d6nologie entstammen.<\/p>\n<p style=\"text-align: justify;\">Geschm\u00e4cker, D\u00fcfte und Aromen&#8230; Auf unserer Reise, die vom Norden in den S\u00fcden ganz <strong>Italien<\/strong> durchquert, w\u00e4hlen wir die <strong>besten Produkte<\/strong> aus, die von kleinen Produzenten kunstvoll und mit Geschick gefertigt werden.<\/p>\n<p style=\"text-align: justify;\">Es sind einzigartige Aromen, die sich aus dem handwerklichen K\u00f6nnen von Menschen ergeben, die weiterhin mit der Erfahrung und Liebe produzieren, die der <strong>Tradition und dem alten Qualit\u00e4tsbewusstsein<\/strong> entsprechen.<\/p>\n<p>[\/vc_column_text]<\/div><div class=\"column-1_2 sc_column_item sc_column_item_2 even\">[vc_single_image image=&#8220;1807&#8243; img_size=&#8220;full&#8220; alignment=&#8220;right&#8220; css_animation=&#8220;appear&#8220; css=&#8220;.vc_custom_1454430705186{margin-left: 30px !important;}&#8220;]<\/div><\/div>[\/vc_column][\/vc_row][vc_row full_width=&#8220;stretch_row_content_no_spaces&#8220;][vc_column]<div class=\"sc_line sc_line_position_center_center sc_line_style_iconed\" style=\"margin-top:0px;margin-bottom:33px;border-top-style:iconed;\"><\/div>[\/vc_column][\/vc_row]<\/p>\n","protected":false},"excerpt":{"rendered":"<p>[vc_row][vc_column width=&#8220;1\/3&#8243;][vc_column_text] Flyer herunterladen [\/vc_column_text][\/vc_column][vc_column width=&#8220;1\/3&#8243;][vc_column_text] Ihr Supermarkt [\/vc_column_text][\/vc_column][vc_column width=&#8220;1\/3&#8243;][vc_column_text] Nischenprodukte [\/vc_column_text][\/vc_column][vc_column][vc_empty_space height=&#8220;40px&#8220;][\/vc_column][\/vc_row][vc_row full_width=&#8220;stretch_row&#8220; parallax=&#8220;content-moving&#8220; css=&#8220;.vc_custom_1454259596087{padding-top: 80px !important;padding-bottom: 120px !important;background-image: url(https:\/\/market.fdcommercialitalia.com\/wp-content\/uploads\/2015\/10\/home_parallax_1.jpg?id=1677) !important;}&#8220; el_id=&#8220;fascia&#8220;][vc_column][\/vc_column][\/vc_row][vc_row css=&#8220;.vc_custom_1448032126671{padding-top: 50px !important;}&#8220;][vc_column][vc_empty_space height=&#8220;15px&#8220;][\/vc_column][\/vc_row][vc_row full_width=&#8220;stretch_row_content_no_spaces&#8220;][vc_column][\/vc_column][\/vc_row]<\/p>\n","protected":false},"author":1,"featured_media":0,"parent":0,"menu_order":0,"comment_status":"closed","ping_status":"closed","template":"","meta":{"footnotes":""},"class_list":["post-2072","page","type-page","status-publish","hentry"],"yoast_head":"<!-- This site is optimized with the Yoast SEO plugin v23.8 - https:\/\/yoast.com\/wordpress\/plugins\/seo\/ -->\n<title>FD Market Gourmet<\/title>\n<meta name=\"description\" content=\"Selezioniamo prodotti tipici della grande tradizione eno-agroalimentare italiana\" \/>\n<meta name=\"robots\" content=\"index, follow, max-snippet:-1, max-image-preview:large, max-video-preview:-1\" \/>\n<link rel=\"canonical\" href=\"https:\/\/market.fdcommercialitalia.com\/\" \/>\n<meta property=\"og:locale\" content=\"de_DE\" \/>\n<meta property=\"og:type\" content=\"article\" \/>\n<meta property=\"og:title\" content=\"FD Market Gourmet\" \/>\n<meta property=\"og:description\" content=\"Selezioniamo prodotti tipici della grande tradizione eno-agroalimentare italiana\" \/>\n<meta property=\"og:url\" content=\"https:\/\/market.fdcommercialitalia.com\/\" \/>\n<meta property=\"og:site_name\" content=\"FD Market Gourmet\" \/>\n<meta property=\"article:modified_time\" content=\"2019-10-11T07:50:17+00:00\" \/>\n<meta property=\"og:image\" content=\"https:\/\/market.fdcommercialitalia.com\/wp-content\/uploads\/2016\/02\/1s4.png\" \/>\n<meta name=\"twitter:card\" content=\"summary_large_image\" \/>\n<meta name=\"twitter:label1\" content=\"Gesch\u00e4tzte Lesezeit\" \/>\n\t<meta name=\"twitter:data1\" content=\"2 Minuten\" \/>\n<script type=\"application\/ld+json\" class=\"yoast-schema-graph\">{\"@context\":\"https:\/\/schema.org\",\"@graph\":[{\"@type\":\"WebPage\",\"@id\":\"https:\/\/market.fdcommercialitalia.com\/\",\"url\":\"https:\/\/market.fdcommercialitalia.com\/\",\"name\":\"FD Market Gourmet\",\"isPartOf\":{\"@id\":\"https:\/\/market.fdcommercialitalia.com\/en\/#website\"},\"primaryImageOfPage\":{\"@id\":\"https:\/\/market.fdcommercialitalia.com\/#primaryimage\"},\"image\":{\"@id\":\"https:\/\/market.fdcommercialitalia.com\/#primaryimage\"},\"thumbnailUrl\":\"https:\/\/market.fdcommercialitalia.com\/wp-content\/uploads\/2016\/02\/1s4.png\",\"datePublished\":\"2015-10-09T06:37:49+00:00\",\"dateModified\":\"2019-10-11T07:50:17+00:00\",\"description\":\"Selezioniamo prodotti tipici della grande tradizione eno-agroalimentare italiana\",\"breadcrumb\":{\"@id\":\"https:\/\/market.fdcommercialitalia.com\/#breadcrumb\"},\"inLanguage\":\"de\",\"potentialAction\":[{\"@type\":\"ReadAction\",\"target\":[\"https:\/\/market.fdcommercialitalia.com\/\"]}]},{\"@type\":\"ImageObject\",\"inLanguage\":\"de\",\"@id\":\"https:\/\/market.fdcommercialitalia.com\/#primaryimage\",\"url\":\"https:\/\/market.fdcommercialitalia.com\/wp-content\/uploads\/2016\/02\/1s4.png\",\"contentUrl\":\"https:\/\/market.fdcommercialitalia.com\/wp-content\/uploads\/2016\/02\/1s4.png\"},{\"@type\":\"BreadcrumbList\",\"@id\":\"https:\/\/market.fdcommercialitalia.com\/#breadcrumb\",\"itemListElement\":[{\"@type\":\"ListItem\",\"position\":1,\"name\":\"Startseite\",\"item\":\"https:\/\/market.fdcommercialitalia.com\/\"},{\"@type\":\"ListItem\",\"position\":2,\"name\":\"Home\"}]},{\"@type\":\"WebSite\",\"@id\":\"https:\/\/market.fdcommercialitalia.com\/en\/#website\",\"url\":\"https:\/\/market.fdcommercialitalia.com\/en\/\",\"name\":\"FD Market Gourmet\",\"description\":\"\",\"potentialAction\":[{\"@type\":\"SearchAction\",\"target\":{\"@type\":\"EntryPoint\",\"urlTemplate\":\"https:\/\/market.fdcommercialitalia.com\/en\/?s={search_term_string}\"},\"query-input\":{\"@type\":\"PropertyValueSpecification\",\"valueRequired\":true,\"valueName\":\"search_term_string\"}}],\"inLanguage\":\"de\"}]}<\/script>\n<!-- \/ Yoast SEO plugin. -->","yoast_head_json":{"title":"FD Market Gourmet","description":"Selezioniamo prodotti tipici della grande tradizione eno-agroalimentare italiana","robots":{"index":"index","follow":"follow","max-snippet":"max-snippet:-1","max-image-preview":"max-image-preview:large","max-video-preview":"max-video-preview:-1"},"canonical":"https:\/\/market.fdcommercialitalia.com\/","og_locale":"de_DE","og_type":"article","og_title":"FD Market Gourmet","og_description":"Selezioniamo prodotti tipici della grande tradizione eno-agroalimentare italiana","og_url":"https:\/\/market.fdcommercialitalia.com\/","og_site_name":"FD Market Gourmet","article_modified_time":"2019-10-11T07:50:17+00:00","og_image":[{"url":"https:\/\/market.fdcommercialitalia.com\/wp-content\/uploads\/2016\/02\/1s4.png"}],"twitter_card":"summary_large_image","twitter_misc":{"Gesch\u00e4tzte Lesezeit":"2 Minuten"},"schema":{"@context":"https:\/\/schema.org","@graph":[{"@type":"WebPage","@id":"https:\/\/market.fdcommercialitalia.com\/","url":"https:\/\/market.fdcommercialitalia.com\/","name":"FD Market Gourmet","isPartOf":{"@id":"https:\/\/market.fdcommercialitalia.com\/en\/#website"},"primaryImageOfPage":{"@id":"https:\/\/market.fdcommercialitalia.com\/#primaryimage"},"image":{"@id":"https:\/\/market.fdcommercialitalia.com\/#primaryimage"},"thumbnailUrl":"https:\/\/market.fdcommercialitalia.com\/wp-content\/uploads\/2016\/02\/1s4.png","datePublished":"2015-10-09T06:37:49+00:00","dateModified":"2019-10-11T07:50:17+00:00","description":"Selezioniamo prodotti tipici della grande tradizione eno-agroalimentare italiana","breadcrumb":{"@id":"https:\/\/market.fdcommercialitalia.com\/#breadcrumb"},"inLanguage":"de","potentialAction":[{"@type":"ReadAction","target":["https:\/\/market.fdcommercialitalia.com\/"]}]},{"@type":"ImageObject","inLanguage":"de","@id":"https:\/\/market.fdcommercialitalia.com\/#primaryimage","url":"https:\/\/market.fdcommercialitalia.com\/wp-content\/uploads\/2016\/02\/1s4.png","contentUrl":"https:\/\/market.fdcommercialitalia.com\/wp-content\/uploads\/2016\/02\/1s4.png"},{"@type":"BreadcrumbList","@id":"https:\/\/market.fdcommercialitalia.com\/#breadcrumb","itemListElement":[{"@type":"ListItem","position":1,"name":"Startseite","item":"https:\/\/market.fdcommercialitalia.com\/"},{"@type":"ListItem","position":2,"name":"Home"}]},{"@type":"WebSite","@id":"https:\/\/market.fdcommercialitalia.com\/en\/#website","url":"https:\/\/market.fdcommercialitalia.com\/en\/","name":"FD Market Gourmet","description":"","potentialAction":[{"@type":"SearchAction","target":{"@type":"EntryPoint","urlTemplate":"https:\/\/market.fdcommercialitalia.com\/en\/?s={search_term_string}"},"query-input":{"@type":"PropertyValueSpecification","valueRequired":true,"valueName":"search_term_string"}}],"inLanguage":"de"}]}},"_links":{"self":[{"href":"https:\/\/market.fdcommercialitalia.com\/de\/wp-json\/wp\/v2\/pages\/2072"}],"collection":[{"href":"https:\/\/market.fdcommercialitalia.com\/de\/wp-json\/wp\/v2\/pages"}],"about":[{"href":"https:\/\/market.fdcommercialitalia.com\/de\/wp-json\/wp\/v2\/types\/page"}],"author":[{"embeddable":true,"href":"https:\/\/market.fdcommercialitalia.com\/de\/wp-json\/wp\/v2\/users\/1"}],"replies":[{"embeddable":true,"href":"https:\/\/market.fdcommercialitalia.com\/de\/wp-json\/wp\/v2\/comments?post=2072"}],"version-history":[{"count":8,"href":"https:\/\/market.fdcommercialitalia.com\/de\/wp-json\/wp\/v2\/pages\/2072\/revisions"}],"predecessor-version":[{"id":2211,"href":"https:\/\/market.fdcommercialitalia.com\/de\/wp-json\/wp\/v2\/pages\/2072\/revisions\/2211"}],"wp:attachment":[{"href":"https:\/\/market.fdcommercialitalia.com\/de\/wp-json\/wp\/v2\/media?parent=2072"}],"curies":[{"name":"wp","href":"https:\/\/api.w.org\/{rel}","templated":true}]}}